{"id":192,"date":"2024-02-07T16:46:45","date_gmt":"2024-02-07T16:46:45","guid":{"rendered":"https:\/\/almantika.admoon.lt\/?page_id=192"},"modified":"2024-02-28T15:35:26","modified_gmt":"2024-02-28T15:35:26","slug":"192-2","status":"publish","type":"page","link":"https:\/\/almantika.admoon.lt\/index.php\/192-2\/","title":{"rendered":"Apie mus"},"content":{"rendered":"<p>[et_pb_section fb_built=&#8221;1&#8243; admin_label=&#8221;Header&#8221; _builder_version=&#8221;4.24.0&#8243; _module_preset=&#8221;default&#8221; background_enable_color=&#8221;off&#8221; background_image=&#8221;https:\/\/almantika.admoon.lt\/wp-content\/uploads\/2024\/02\/Untitled-2.png&#8221; parallax=&#8221;on&#8221; custom_padding=&#8221;8vw||8vw||true|false&#8221; locked=&#8221;off&#8221; collapsed=&#8221;on&#8221; global_colors_info=&#8221;{}&#8221;][et_pb_row _builder_version=&#8221;4.24.0&#8243; _module_preset=&#8221;default&#8221; locked=&#8221;off&#8221; global_colors_info=&#8221;{}&#8221;][et_pb_column type=&#8221;4_4&#8243; _builder_version=&#8221;4.21.0&#8243; _module_preset=&#8221;default&#8221; global_colors_info=&#8221;{}&#8221;][et_pb_text _builder_version=&#8221;4.24.0&#8243; _module_preset=&#8221;1633886e-060c-40e8-9521-401b75ad05c9&#8243; text_font=&#8221;Inter|700|||||||&#8221; text_orientation=&#8221;center&#8221; custom_margin=&#8221;||10px||false|false&#8221; inline_fonts=&#8221;Inter&#8221; global_colors_info=&#8221;{}&#8221;]<\/p>\n<h1><span style=\"color: #003459;\"><strong><span style=\"font-family: Inter;\">APIE MUS<\/span><\/strong><\/span><\/h1>\n<p>[\/et_pb_text][\/et_pb_column][\/et_pb_row][\/et_pb_section][et_pb_section fb_built=&#8221;1&#8243; admin_label=&#8221;Features&#8221; _builder_version=&#8221;4.21.0&#8243; _module_preset=&#8221;default&#8221; locked=&#8221;off&#8221; collapsed=&#8221;on&#8221; global_colors_info=&#8221;{}&#8221;][et_pb_row admin_label=&#8221;tittle Row&#8221; _builder_version=&#8221;4.21.0&#8243; _module_preset=&#8221;default&#8221; max_width=&#8221;860px&#8221; custom_margin=&#8221;|||&#8221; custom_width_px=&#8221;1280px&#8221; global_colors_info=&#8221;{}&#8221;][et_pb_column type=&#8221;4_4&#8243; _builder_version=&#8221;4.16&#8243; _module_preset=&#8221;default&#8221; custom_padding=&#8221;|||&#8221; global_colors_info=&#8221;{}&#8221; custom_padding__hover=&#8221;|||&#8221;][et_pb_text admin_label=&#8221;Tittle&#8221; _builder_version=&#8221;4.24.0&#8243; _module_preset=&#8221;8da8a6c8-1de8-4db0-9ec1-0b94cde3e6cc&#8221; header_2_text_color=&#8221;#FFFFFF&#8221; text_orientation=&#8221;center&#8221; custom_margin=&#8221;||10px||false|false&#8221; inline_fonts=&#8221;Inter&#8221; global_colors_info=&#8221;{}&#8221;]<\/p>\n<h2><span style=\"color: #333333; font-family: Inter; font-weight: normal;\"><strong>UAB ALMANTIKA<\/strong><\/span><\/h2>\n<p>[\/et_pb_text][et_pb_text disabled_on=&#8221;off|off|off&#8221; admin_label=&#8221;Texts&#8221; _builder_version=&#8221;4.24.0&#8243; _module_preset=&#8221;381e6345-5f0f-41cb-8982-015caa6a44fc&#8221; text_font=&#8221;Inter||||||||&#8221; text_orientation=&#8221;center&#8221; max_width_tablet=&#8221;&#8221; max_width_phone=&#8221;&#8221; max_width_last_edited=&#8221;on|phone&#8221; min_height=&#8221;445.6px&#8221; locked=&#8221;off&#8221; global_colors_info=&#8221;{}&#8221;]<\/p>\n<p><span>Esame \u012fsik\u016br\u0119 viename i\u0161 \u017demaitijos sostin\u0117s miesteli\u0173 &#8211; Luok\u0117je, \u017eemaiti\u0161kai vadinamoje Louk\u0117. <\/span><\/p>\n<p><span>Miestelis ir m\u016bs\u0173 \u012fmon\u0117 randasi netoli nuostabaus \u0160atrijos piliakalnio (229m.) Tai vieta, kur susikerta keliai \u012f Tel\u0161ius, Varnius, U\u017event\u012f, Kur\u0161\u0117nus. Nuo 1793 m. Luok\u0117 buvo garsi rengdama vadinamus Louk\u0117s juomarkus (Luok\u0117s jomarkas), kur suva\u017eiuodavo pirkliai i\u0161 K\u0117daini\u0173, Til\u017e\u0117s ir kit\u0173 \u017demaitijos vietovi\u0173. Iki 1941m. Luok\u0117je gyveno apie 200 Lietuvos \u017eyd\u0173, kurie suk\u016br\u0117 teigiam\u0105 atmosfer\u0105 verslui, kuri\u0173 dvasia i\u0161likusi iki \u0161i\u0173 dien\u0173. <\/span><\/p>\n<p><span><em>Tad ,&#8221;\u012e \u017dar\u0117nus mi\u0161kais nuo \u0160iauli\u0173, jei pro Luok\u0119 kada bekeliausi, nepamir\u0161k sustabdyti arkli\u0173 ir ten kaln\u0105 u\u017elipti auk\u0161\u010diaus\u012f.<\/em> <\/span><\/p>\n<p><em>Maironis &#8211; &#8220;\u0160atrijos kalnas &#8220;<\/em><\/p>\n<p>[\/et_pb_text][\/et_pb_column][\/et_pb_row][et_pb_row column_structure=&#8221;1_4,1_4,1_4,1_4&#8243; admin_label=&#8221;Coffee Info&#8221; _builder_version=&#8221;4.24.0&#8243; _module_preset=&#8221;default&#8221; custom_margin=&#8221;|||&#8221; custom_width_px=&#8221;1280px&#8221; saved_tabs=&#8221;all&#8221; locked=&#8221;off&#8221; global_colors_info=&#8221;{}&#8221;][et_pb_column type=&#8221;1_4&#8243; _builder_version=&#8221;4.16&#8243; _module_preset=&#8221;default&#8221; custom_padding=&#8221;|||&#8221; global_colors_info=&#8221;{}&#8221; custom_padding__hover=&#8221;|||&#8221;][et_pb_image src=&#8221;https:\/\/almantika.admoon.lt\/wp-content\/uploads\/2024\/01\/1-02.png&#8221; title_text=&#8221;1-02&#8243; align=&#8221;center&#8221; _builder_version=&#8221;4.23.4&#8243; _module_preset=&#8221;default&#8221; max_height=&#8221;58px&#8221; animation_style=&#8221;fade&#8221; animation=&#8221;off&#8221; global_colors_info=&#8221;{}&#8221;][\/et_pb_image][et_pb_text _builder_version=&#8221;4.24.0&#8243; _module_preset=&#8221;00c6fca3-4e6a-4ee1-a648-a08bc42f4ca6&#8243; text_font=&#8221;Inter|||on|||||&#8221; header_font=&#8221;Inter||||||||&#8221; header_6_text_color=&#8221;gcid-b247d7e9-2bbc-48fc-81a8-3cd1da3da572&#8243; text_orientation=&#8221;center&#8221; animation_style=&#8221;fade&#8221; inline_fonts=&#8221;Inter&#8221; global_colors_info=&#8221;{%22gcid-b247d7e9-2bbc-48fc-81a8-3cd1da3da572%22:%91%22header_6_text_color%22%93}&#8221;]<\/p>\n<h6><strong><span style=\"font-family: Inter;\">Greito \u0161aldymo<\/span><\/strong><\/h6>\n<h6><strong><span style=\"font-family: Inter;\">Afrikinis \u0161amas<\/span><\/strong><\/h6>\n<p>[\/et_pb_text][\/et_pb_column][et_pb_column type=&#8221;1_4&#8243; _builder_version=&#8221;4.16&#8243; _module_preset=&#8221;default&#8221; custom_padding=&#8221;|||&#8221; global_colors_info=&#8221;{}&#8221; custom_padding__hover=&#8221;|||&#8221;][et_pb_image src=&#8221;https:\/\/almantika.admoon.lt\/wp-content\/uploads\/2024\/01\/1-01-1.png&#8221; title_text=&#8221;1-01&#8243; align=&#8221;center&#8221; _builder_version=&#8221;4.23.4&#8243; _module_preset=&#8221;default&#8221; max_height=&#8221;58px&#8221; animation_style=&#8221;fade&#8221; animation=&#8221;off&#8221; locked=&#8221;off&#8221; global_colors_info=&#8221;{}&#8221;][\/et_pb_image][et_pb_text _builder_version=&#8221;4.24.0&#8243; _module_preset=&#8221;00c6fca3-4e6a-4ee1-a648-a08bc42f4ca6&#8243; text_font=&#8221;Inter||||||||&#8221; header_6_text_color=&#8221;gcid-b247d7e9-2bbc-48fc-81a8-3cd1da3da572&#8243; text_orientation=&#8221;center&#8221; animation_style=&#8221;fade&#8221; locked=&#8221;off&#8221; inline_fonts=&#8221;Inter&#8221; global_colors_info=&#8221;{%22gcid-b247d7e9-2bbc-48fc-81a8-3cd1da3da572%22:%91%22header_6_text_color%22%93}&#8221;]<\/p>\n<h6><strong><span style=\"font-family: Inter;\">Kar\u0161to r\u016bkymo<\/span><\/strong><\/h6>\n<h6><strong><span style=\"font-family: Inter;\">Afrikinis \u0161amas<\/span><\/strong><\/h6>\n<p>[\/et_pb_text][\/et_pb_column][et_pb_column type=&#8221;1_4&#8243; _builder_version=&#8221;4.16&#8243; _module_preset=&#8221;default&#8221; custom_padding=&#8221;|||&#8221; global_colors_info=&#8221;{}&#8221; custom_padding__hover=&#8221;|||&#8221;][et_pb_image src=&#8221;https:\/\/almantika.admoon.lt\/wp-content\/uploads\/2024\/01\/1-03.png&#8221; title_text=&#8221;1-03&#8243; align=&#8221;center&#8221; _builder_version=&#8221;4.23.4&#8243; _module_preset=&#8221;default&#8221; max_height=&#8221;58px&#8221; animation_style=&#8221;fade&#8221; animation=&#8221;off&#8221; locked=&#8221;off&#8221; global_colors_info=&#8221;{}&#8221;][\/et_pb_image][et_pb_text _builder_version=&#8221;4.24.0&#8243; _module_preset=&#8221;00c6fca3-4e6a-4ee1-a648-a08bc42f4ca6&#8243; text_font=&#8221;Inter||||||||&#8221; header_6_text_color=&#8221;gcid-b247d7e9-2bbc-48fc-81a8-3cd1da3da572&#8243; text_orientation=&#8221;center&#8221; animation_style=&#8221;fade&#8221; locked=&#8221;off&#8221; inline_fonts=&#8221;Inter&#8221; global_colors_info=&#8221;{%22gcid-b247d7e9-2bbc-48fc-81a8-3cd1da3da572%22:%91%22header_6_text_color%22%93}&#8221;]<\/p>\n<h6><strong><span style=\"font-family: Inter;\">Afrikinio \u0161amo<\/span><\/strong><\/h6>\n<h6><strong><span style=\"font-family: Inter;\">Konservai<\/span><\/strong><\/h6>\n<p>[\/et_pb_text][\/et_pb_column][et_pb_column type=&#8221;1_4&#8243; _builder_version=&#8221;4.24.0&#8243; _module_preset=&#8221;default&#8221; global_colors_info=&#8221;{}&#8221;][et_pb_image src=&#8221;https:\/\/almantika.admoon.lt\/wp-content\/uploads\/2024\/02\/samas.png&#8221; title_text=&#8221;samas&#8221; align=&#8221;center&#8221; _builder_version=&#8221;4.24.0&#8243; _module_preset=&#8221;default&#8221; max_height=&#8221;58px&#8221; animation_style=&#8221;fade&#8221; hover_enabled=&#8221;0&#8243; animation=&#8221;off&#8221; locked=&#8221;off&#8221; global_colors_info=&#8221;{}&#8221; sticky_enabled=&#8221;0&#8243;][\/et_pb_image][et_pb_text _builder_version=&#8221;4.24.0&#8243; _module_preset=&#8221;00c6fca3-4e6a-4ee1-a648-a08bc42f4ca6&#8243; text_font=&#8221;Inter||||||||&#8221; header_6_text_color=&#8221;gcid-b247d7e9-2bbc-48fc-81a8-3cd1da3da572&#8243; text_orientation=&#8221;center&#8221; animation_style=&#8221;fade&#8221; locked=&#8221;off&#8221; inline_fonts=&#8221;Inter&#8221; global_colors_info=&#8221;{%22gcid-b247d7e9-2bbc-48fc-81a8-3cd1da3da572%22:%91%22header_6_text_color%22%93}&#8221;]<\/p>\n<h6><strong><span style=\"font-family: Inter;\">\u0160vie\u017eias<\/span><\/strong><\/h6>\n<h6><strong><span style=\"font-family: Inter;\">\u0161amas<\/span><\/strong><\/h6>\n<p>[\/et_pb_text][\/et_pb_column][\/et_pb_row][\/et_pb_section][et_pb_section fb_built=&#8221;1&#8243; admin_label=&#8221;Gallery&#8221; _builder_version=&#8221;4.21.0&#8243; _module_preset=&#8221;default&#8221; collapsed=&#8221;on&#8221; global_colors_info=&#8221;{}&#8221;][et_pb_row admin_label=&#8221;tittle Row&#8221; _builder_version=&#8221;4.21.0&#8243; _module_preset=&#8221;default&#8221; max_width=&#8221;600px&#8221; custom_margin=&#8221;|||&#8221; custom_width_px=&#8221;1280px&#8221; locked=&#8221;off&#8221; global_colors_info=&#8221;{}&#8221;][et_pb_column type=&#8221;4_4&#8243; _builder_version=&#8221;4.16&#8243; _module_preset=&#8221;default&#8221; custom_padding=&#8221;|||&#8221; global_colors_info=&#8221;{}&#8221; custom_padding__hover=&#8221;|||&#8221;][et_pb_text admin_label=&#8221;Tittle&#8221; _builder_version=&#8221;4.24.0&#8243; _module_preset=&#8221;8da8a6c8-1de8-4db0-9ec1-0b94cde3e6cc&#8221; header_2_text_color=&#8221;#FFFFFF&#8221; text_orientation=&#8221;center&#8221; custom_margin=&#8221;||10px||false|false&#8221; locked=&#8221;off&#8221; inline_fonts=&#8221;Inter&#8221; global_colors_info=&#8221;{}&#8221;]<\/p>\n<h2><span style=\"color: #003459;\"><strong><span style=\"font-family: Inter;\">M\u016aS\u0172 GALERIJA<\/span><\/strong><\/span><\/h2>\n<p>[\/et_pb_text][\/et_pb_column][\/et_pb_row][et_pb_row column_structure=&#8221;1_2,1_4,1_4&#8243; use_custom_gutter=&#8221;on&#8221; gutter_width=&#8221;2&#8243; _builder_version=&#8221;4.21.0&#8243; _module_preset=&#8221;default&#8221; max_width=&#8221;1440px&#8221; custom_padding=&#8221;|||&#8221; use_custom_width=&#8221;on&#8221; custom_width_px=&#8221;1440px&#8221; global_colors_info=&#8221;{}&#8221;][et_pb_column type=&#8221;1_2&#8243; _builder_version=&#8221;4.16&#8243; _module_preset=&#8221;default&#8221; custom_padding=&#8221;|||&#8221; global_colors_info=&#8221;{}&#8221; custom_padding__hover=&#8221;|||&#8221;][et_pb_image src=&#8221;https:\/\/almantika.admoon.lt\/wp-content\/uploads\/2024\/02\/1.jpg&#8221; title_text=&#8221;1&#8243; show_in_lightbox=&#8221;on&#8221; use_overlay=&#8221;on&#8221; overlay_icon_color=&#8221;#000000&#8243; hover_overlay_color=&#8221;rgba(255,255,255,0.2)&#8221; hover_icon=&#8221;&#x4c;||divi||400&#8243; align=&#8221;center&#8221; force_fullwidth=&#8221;on&#8221; _builder_version=&#8221;4.24.0&#8243; _module_preset=&#8221;default&#8221; animation_style=&#8221;fade&#8221; global_colors_info=&#8221;{}&#8221;][\/et_pb_image][\/et_pb_column][et_pb_column type=&#8221;1_4&#8243; _builder_version=&#8221;4.16&#8243; _module_preset=&#8221;default&#8221; custom_padding=&#8221;|||&#8221; global_colors_info=&#8221;{}&#8221; custom_padding__hover=&#8221;|||&#8221;][et_pb_image src=&#8221;https:\/\/almantika.admoon.lt\/wp-content\/uploads\/2024\/02\/2.jpg&#8221; title_text=&#8221;2&#8243; show_in_lightbox=&#8221;on&#8221; use_overlay=&#8221;on&#8221; overlay_icon_color=&#8221;#000000&#8243; hover_overlay_color=&#8221;rgba(255,255,255,0.2)&#8221; hover_icon=&#8221;&#x4c;||divi||400&#8243; align=&#8221;center&#8221; force_fullwidth=&#8221;on&#8221; _builder_version=&#8221;4.24.0&#8243; _module_preset=&#8221;default&#8221; custom_margin=&#8221;||12%|&#8221; animation_style=&#8221;fade&#8221; always_center_on_mobile=&#8221;on&#8221; global_colors_info=&#8221;{}&#8221;][\/et_pb_image][et_pb_image src=&#8221;https:\/\/almantika.admoon.lt\/wp-content\/uploads\/2024\/02\/4.jpg&#8221; title_text=&#8221;4&#8243; show_in_lightbox=&#8221;on&#8221; use_overlay=&#8221;on&#8221; overlay_icon_color=&#8221;#000000&#8243; hover_overlay_color=&#8221;rgba(255,255,255,0.2)&#8221; hover_icon=&#8221;&#x4c;||divi||400&#8243; align=&#8221;center&#8221; force_fullwidth=&#8221;on&#8221; _builder_version=&#8221;4.24.0&#8243; _module_preset=&#8221;default&#8221; custom_margin=&#8221;||12%|&#8221; animation_style=&#8221;fade&#8221; global_colors_info=&#8221;{}&#8221;][\/et_pb_image][\/et_pb_column][et_pb_column type=&#8221;1_4&#8243; _builder_version=&#8221;4.16&#8243; _module_preset=&#8221;default&#8221; custom_padding=&#8221;|||&#8221; global_colors_info=&#8221;{}&#8221; custom_padding__hover=&#8221;|||&#8221;][et_pb_image src=&#8221;https:\/\/almantika.admoon.lt\/wp-content\/uploads\/2024\/02\/3.jpg&#8221; title_text=&#8221;3&#8243; show_in_lightbox=&#8221;on&#8221; use_overlay=&#8221;on&#8221; overlay_icon_color=&#8221;#000000&#8243; hover_overlay_color=&#8221;rgba(255,255,255,0.2)&#8221; hover_icon=&#8221;&#x4c;||divi||400&#8243; align=&#8221;center&#8221; force_fullwidth=&#8221;on&#8221; _builder_version=&#8221;4.24.0&#8243; _module_preset=&#8221;default&#8221; custom_margin=&#8221;||12%|&#8221; animation_style=&#8221;fade&#8221; global_colors_info=&#8221;{}&#8221;][\/et_pb_image][et_pb_image src=&#8221;https:\/\/almantika.admoon.lt\/wp-content\/uploads\/2024\/02\/5.jpg&#8221; title_text=&#8221;5&#8243; show_in_lightbox=&#8221;on&#8221; use_overlay=&#8221;on&#8221; overlay_icon_color=&#8221;#000000&#8243; hover_overlay_color=&#8221;rgba(255,255,255,0.2)&#8221; hover_icon=&#8221;&#x4c;||divi||400&#8243; align=&#8221;center&#8221; force_fullwidth=&#8221;on&#8221; _builder_version=&#8221;4.24.0&#8243; _module_preset=&#8221;default&#8221; custom_margin=&#8221;||12%|&#8221; animation_style=&#8221;fade&#8221; global_colors_info=&#8221;{}&#8221;][\/et_pb_image][\/et_pb_column][\/et_pb_row][et_pb_row admin_label=&#8221;Gallery Row&#8221; _builder_version=&#8221;4.16&#8243; _module_preset=&#8221;default&#8221; custom_padding=&#8221;0px|0px|0px|0px&#8221; global_colors_info=&#8221;{}&#8221;][et_pb_column type=&#8221;4_4&#8243; _builder_version=&#8221;4.16&#8243; _module_preset=&#8221;default&#8221; custom_padding=&#8221;|||&#8221; global_colors_info=&#8221;{}&#8221; custom_padding__hover=&#8221;|||&#8221;][et_pb_image align_tablet=&#8221;center&#8221; align_phone=&#8221;center&#8221; align_last_edited=&#8221;on|desktop&#8221; _builder_version=&#8221;4.16&#8243; _module_preset=&#8221;default&#8221; global_colors_info=&#8221;{}&#8221;][\/et_pb_image][\/et_pb_column][\/et_pb_row][\/et_pb_section][et_pb_section fb_built=&#8221;1&#8243; admin_label=&#8221;Footer&#8221; _builder_version=&#8221;4.24.0&#8243; _module_preset=&#8221;default&#8221; background_color_gradient_direction=&#8221;90deg&#8221; background_image=&#8221;https:\/\/almantika.admoon.lt\/wp-content\/uploads\/2024\/02\/Untitled-2-1.png&#8221; parallax=&#8221;on&#8221; custom_padding=&#8221;0px||0px||true|false&#8221; saved_tabs=&#8221;all&#8221; locked=&#8221;off&#8221; collapsed=&#8221;on&#8221; global_colors_info=&#8221;{}&#8221;][et_pb_row column_structure=&#8221;1_2,1_2&#8243; use_custom_gutter=&#8221;on&#8221; gutter_width=&#8221;1&#8243; make_equal=&#8221;on&#8221; admin_label=&#8221;Footer Row&#8221; module_class=&#8221; et_pb_row_fullwidth&#8221; _builder_version=&#8221;4.24.0&#8243; _module_preset=&#8221;default&#8221; width=&#8221;100%&#8221; max_width=&#8221;none&#8221; custom_margin=&#8221;|||&#8221; custom_padding=&#8221;0px||0px||true|false&#8221; animation_style=&#8221;fade&#8221; make_fullwidth=&#8221;on&#8221; global_colors_info=&#8221;{}&#8221;][et_pb_column type=&#8221;1_2&#8243; _builder_version=&#8221;4.24.0&#8243; _module_preset=&#8221;default&#8221; background_color=&#8221;#f3f7f0&#8243; background_image=&#8221;https:\/\/almantika.admoon.lt\/wp-content\/uploads\/2024\/02\/Untitled-2-1.png&#8221; custom_padding=&#8221;8%|8%|8%|8%|true|true&#8221; global_colors_info=&#8221;{}&#8221;][et_pb_text _builder_version=&#8221;4.21.0&#8243; _module_preset=&#8221;886352ba-dc31-4710-b8d9-27135b70fdc1&#8243; header_2_text_color=&#8221;#FFFFFF&#8221; custom_margin=&#8221;||30px||false|false&#8221; inline_fonts=&#8221;Inter&#8221; global_colors_info=&#8221;{}&#8221;]<\/p>\n<h2><span style=\"color: #003459;\"><strong><span style=\"font-family: Inter;\">lauksime j\u016bs\u0173!<\/span><\/strong><\/span><\/h2>\n<p>[\/et_pb_text][et_pb_text _builder_version=&#8221;4.24.0&#8243; _module_preset=&#8221;ab0c375d-6bc8-4ed5-bba7-364f2f8e45b8&#8243; text_font=&#8221;Inter||||||||&#8221; header_4_text_color=&#8221;gcid-b247d7e9-2bbc-48fc-81a8-3cd1da3da572&#8243; custom_padding=&#8221;||0px|||&#8221; global_colors_info=&#8221;{%22gcid-b247d7e9-2bbc-48fc-81a8-3cd1da3da572%22:%91%22header_4_text_color%22%93}&#8221;]<\/p>\n<h4>Darbo dienomis<\/h4>\n<p>[\/et_pb_text][et_pb_text _builder_version=&#8221;4.24.0&#8243; _module_preset=&#8221;6a04f5be-faa7-49bc-8eca-b46b4d03657f&#8221; text_font=&#8221;Inter||||||||&#8221; text_text_color=&#8221;#003459&#8243; custom_margin=&#8221;||30px||false|false&#8221; global_colors_info=&#8221;{}&#8221;]<\/p>\n<p>10:00 &#8211; 17:00<\/p>\n<p>[\/et_pb_text][et_pb_text _builder_version=&#8221;4.24.0&#8243; _module_preset=&#8221;ab0c375d-6bc8-4ed5-bba7-364f2f8e45b8&#8243; text_font=&#8221;Inter|500|||||||&#8221; header_4_text_color=&#8221;gcid-b247d7e9-2bbc-48fc-81a8-3cd1da3da572&#8243; global_colors_info=&#8221;{%22gcid-b247d7e9-2bbc-48fc-81a8-3cd1da3da572%22:%91%22header_4_text_color%22%93}&#8221;]<\/p>\n<h4>Savaitgaliais<\/h4>\n<p>[\/et_pb_text][et_pb_text _builder_version=&#8221;4.24.0&#8243; _module_preset=&#8221;6a04f5be-faa7-49bc-8eca-b46b4d03657f&#8221; text_font=&#8221;Inter||||||||&#8221; text_text_color=&#8221;#003459&#8243; custom_margin=&#8221;||30px||false|false&#8221; global_colors_info=&#8221;{}&#8221;]<\/p>\n<p>12:00 &#8211; 14:00<\/p>\n<p>[\/et_pb_text][et_pb_button button_text=&#8221;Produktai&#8221; _builder_version=&#8221;4.24.0&#8243; _module_preset=&#8221;322552f0-7f39-4a26-8ff2-5709b33f70be&#8221; button_bg_color=&#8221;#c16e70&#8243; button_border_color=&#8221;#c16e70&#8243; button_font=&#8221;Inter|700||on|||||&#8221; global_colors_info=&#8221;{%22gcid-b247d7e9-2bbc-48fc-81a8-3cd1da3da572%22:%91%22button_bg_color%22,%22button_border_color%22,%22button_bg_color%22,%22button_border_color%22,%22button_bg_color%22,%22button_bg_color%22%93,%22gcid-cda4471f-892e-4743-849d-2cb3737a1499%22:%91%22button_bg_color__hover%22%93,%22gcid-485f399a-033d-4a92-98cd-28c5d2b32491%22:%91%22button_bg_color__hover%22,%22button_border_color__hover%22%93}&#8221; button_bg_color__hover_enabled=&#8221;on|hover&#8221; button_bg_color__hover=&#8221;#488286&#8243; button_bg_enable_color__hover=&#8221;on&#8221; button_border_color__hover=&#8221;#488286&#8243;][\/et_pb_button][\/et_pb_column][et_pb_column type=&#8221;1_2&#8243; _builder_version=&#8221;4.24.0&#8243; _module_preset=&#8221;default&#8221; background_color=&#8221;#003459&#8243; custom_padding=&#8221;8%|8%|8%|8%|true|true&#8221; global_colors_info=&#8221;{}&#8221; custom_padding__hover=&#8221;|||&#8221;][et_pb_text _builder_version=&#8221;4.21.0&#8243; _module_preset=&#8221;886352ba-dc31-4710-b8d9-27135b70fdc1&#8243; header_2_text_color=&#8221;#FFFFFF&#8221; custom_margin=&#8221;||30px||false|false&#8221; locked=&#8221;off&#8221; inline_fonts=&#8221;Inter&#8221; global_colors_info=&#8221;{}&#8221;]<\/p>\n<h2><strong><span style=\"font-family: Inter;\">SUSISIEKIME<\/span><\/strong><\/h2>\n<p>[\/et_pb_text][et_pb_text _builder_version=&#8221;4.23.4&#8243; _module_preset=&#8221;ab0c375d-6bc8-4ed5-bba7-364f2f8e45b8&#8243; header_4_text_color=&#8221;gcid-b247d7e9-2bbc-48fc-81a8-3cd1da3da572&#8243; locked=&#8221;off&#8221; global_colors_info=&#8221;{%22gcid-b247d7e9-2bbc-48fc-81a8-3cd1da3da572%22:%91%22header_4_text_color%22%93}&#8221;]<\/p>\n<h4>Tel. numeris<\/h4>\n<p>[\/et_pb_text][et_pb_text _builder_version=&#8221;4.24.0&#8243; _module_preset=&#8221;6a04f5be-faa7-49bc-8eca-b46b4d03657f&#8221; text_text_color=&#8221;#FFFFFF&#8221; link_text_color=&#8221;#FFFFFF&#8221; custom_margin=&#8221;||30px||false|false&#8221; locked=&#8221;off&#8221; global_colors_info=&#8221;{}&#8221;]<\/p>\n<div class=\"gmail_default\" style=\"font-family: arial,sans-serif;\">\n<div class=\"et_pb_module et_pb_text et_pb_text_9 et_pb_text_align_left et_pb_bg_layout_light\">\n<div class=\"et_pb_text_inner\">\n<p><span style=\"color: #ffffff;\">+370 698 81183<\/span><\/p>\n<\/div>\n<\/div>\n<\/div>\n<p>[\/et_pb_text][et_pb_text _builder_version=&#8221;4.23.4&#8243; _module_preset=&#8221;ab0c375d-6bc8-4ed5-bba7-364f2f8e45b8&#8243; header_4_text_color=&#8221;gcid-b247d7e9-2bbc-48fc-81a8-3cd1da3da572&#8243; locked=&#8221;off&#8221; global_colors_info=&#8221;{%22gcid-b247d7e9-2bbc-48fc-81a8-3cd1da3da572%22:%91%22header_4_text_color%22%93}&#8221;]<\/p>\n<h4>El-pa\u0161tas<\/h4>\n<p>[\/et_pb_text][et_pb_text _builder_version=&#8221;4.24.0&#8243; _module_preset=&#8221;6a04f5be-faa7-49bc-8eca-b46b4d03657f&#8221; text_text_color=&#8221;#FFFFFF&#8221; link_text_color=&#8221;#FFFFFF&#8221; custom_margin=&#8221;||30px||false|false&#8221; locked=&#8221;off&#8221; global_colors_info=&#8221;{}&#8221;]<\/p>\n<p><a href=\"mailto:#\">info@almantika.l<\/a>t<\/p>\n<p>[\/et_pb_text][et_pb_text _builder_version=&#8221;4.23.4&#8243; _module_preset=&#8221;ab0c375d-6bc8-4ed5-bba7-364f2f8e45b8&#8243; header_4_text_color=&#8221;gcid-b247d7e9-2bbc-48fc-81a8-3cd1da3da572&#8243; locked=&#8221;off&#8221; global_colors_info=&#8221;{%22gcid-b247d7e9-2bbc-48fc-81a8-3cd1da3da572%22:%91%22header_4_text_color%22%93}&#8221;]<\/p>\n<h4>Adresas<\/h4>\n<p>[\/et_pb_text][et_pb_text _builder_version=&#8221;4.24.0&#8243; _module_preset=&#8221;6a04f5be-faa7-49bc-8eca-b46b4d03657f&#8221; text_text_color=&#8221;#FFFFFF&#8221; link_text_color=&#8221;#FFFFFF&#8221; custom_margin=&#8221;||30px||false|false&#8221; locked=&#8221;off&#8221; global_colors_info=&#8221;{}&#8221;]<\/p>\n<div style=\"font-family: arial, sans-serif;\" class=\"gmail_default\">Tel\u0161i\u0173 g. 44, Luok\u0117s mst., Tel\u0161i\u0173 raj.<\/div>\n<p>[\/et_pb_text][\/et_pb_column][\/et_pb_row][\/et_pb_section]<\/p>\n","protected":false},"excerpt":{"rendered":"<p>APIE MUSUAB ALMANTIKAEsame \u012fsik\u016br\u0119 viename i\u0161 \u017demaitijos sostin\u0117s miesteli\u0173 &#8211; Luok\u0117je, \u017eemaiti\u0161kai vadinamoje Louk\u0117. Miestelis ir m\u016bs\u0173 \u012fmon\u0117 randasi netoli nuostabaus \u0160atrijos piliakalnio (229m.) Tai vieta, kur susikerta keliai \u012f Tel\u0161ius, Varnius, U\u017event\u012f, Kur\u0161\u0117nus. Nuo 1793 m. Luok\u0117 buvo garsi rengdama vadinamus Louk\u0117s juomarkus (Luok\u0117s jomarkas), kur suva\u017eiuodavo pirkliai i\u0161 K\u0117daini\u0173, Til\u017e\u0117s ir kit\u0173 \u017demaitijos [&hellip;]<\/p>\n","protected":false},"author":1,"featured_media":0,"parent":0,"menu_order":0,"comment_status":"closed","ping_status":"closed","template":"","meta":{"_et_pb_use_builder":"on","_et_pb_old_content":"","_et_gb_content_width":"","footnotes":""},"_links":{"self":[{"href":"https:\/\/almantika.admoon.lt\/index.php\/wp-json\/wp\/v2\/pages\/192"}],"collection":[{"href":"https:\/\/almantika.admoon.lt\/index.php\/wp-json\/wp\/v2\/pages"}],"about":[{"href":"https:\/\/almantika.admoon.lt\/index.php\/wp-json\/wp\/v2\/types\/page"}],"author":[{"embeddable":true,"href":"https:\/\/almantika.admoon.lt\/index.php\/wp-json\/wp\/v2\/users\/1"}],"replies":[{"embeddable":true,"href":"https:\/\/almantika.admoon.lt\/index.php\/wp-json\/wp\/v2\/comments?post=192"}],"version-history":[{"count":15,"href":"https:\/\/almantika.admoon.lt\/index.php\/wp-json\/wp\/v2\/pages\/192\/revisions"}],"predecessor-version":[{"id":376,"href":"https:\/\/almantika.admoon.lt\/index.php\/wp-json\/wp\/v2\/pages\/192\/revisions\/376"}],"wp:attachment":[{"href":"https:\/\/almantika.admoon.lt\/index.php\/wp-json\/wp\/v2\/media?parent=192"}],"curies":[{"name":"wp","href":"https:\/\/api.w.org\/{rel}","templated":true}]}}